{"id":97,"date":"2019-04-08T18:54:53","date_gmt":"2019-04-08T16:54:53","guid":{"rendered":"http:\/\/bastogne.tv\/?page_id=97"},"modified":"2021-03-15T00:09:11","modified_gmt":"2021-03-14T23:09:11","slug":"mentions-legales","status":"publish","type":"page","link":"https:\/\/bastogne.tv\/index.php\/mentions-legales\/","title":{"rendered":"Mentions l\u00e9gales"},"content":{"rendered":"\n<p><\/p>\n\n\n\n<pre class=\"wp-block-preformatted\">\nBastogne TV est une association internationale de droits belge sans but lucratif.\n<strong>Si\u00e8ge officiel:\u00a0<\/strong>Marvie 158b B 6600 Bastogne\n<em><strong>Relais \u00e0 Bruxelles<\/strong><\/em>: rue du Tr\u00f4ne 226 \/ bte 37\nB 1050 Bruxelles.\n<em><strong>Relais au Luxembourg\u00a0<\/strong><\/em>\nDoncols, 2\nL 9647 Doncols\n<strong>Facebook<\/strong>: Bastogne TV\u00a0\n<strong>YouTube:<\/strong>\u00a0Bastogne TV et Bastogne TV direct\n\nAdministrateur g\u00e9n\u00e9ral: Jean-Marie NICOLAS\n00 32 475 765959\n<a href=\"mailto:info@bastogne.tv\" target=\"_blank\" rel=\"noreferrer noopener\" rel=\"nofollow\" >info@bastogne.tv\u00a0et\u00a0capehd@gmail.com<\/a>\n<strong>Le CSA a reconnu Bastogne TV le 27 octobre 2016<\/strong>\n\u00a0<strong>Au 30 juin 2018, 24 WebTV sont d\u00e9clar\u00e9es aupr\u00e8s du CSA.\u00a0<\/strong>\nToutefois, 3 \u00e9diteurs \u00e9tant d\u00e9clar\u00e9s tr\u00e8s r\u00e9cemment, le pr\u00e9sent contr\u00f4le ne porte que sur 21 services.\u00a0\nEn fonction de leurs th\u00e9matiques, le CSA classe de mani\u00e8re indicative les WebTV dans les cat\u00e9gories suivantes : g\u00e9ographique (5), culture (2), musique (2), sport (2), institutionnel (2), acad\u00e9mique (2), \u00e9ducation permanente (2), communautaire (2), humour (1) et bien-\u00eatre (1).\u00a0\nLes services \u00ab Actu-TV \u00bb, \u00ab Almouwatin TV \u00bb, \u00ab Bastogne TV \u00bb, \u00ab braine.TV \u00bb, \u00ab Racing Channel \u00bb, \u00ab V'RO TV \u00bb et \u00ab Zin TV \u00bb int\u00e8grent le contr\u00f4le pour la premi\u00e8re fois.\u00a0\nLes services \u00ab Bruxelles ma Belle \u00bb et \u00ab FullTV \u00bb se sont d\u00e9clar\u00e9s r\u00e9cemment mais sont actifs depuis plusieurs ann\u00e9es. La pr\u00e9sente synth\u00e8se transversale int\u00e8gre d\u00e8s lors des donn\u00e9es les concernant. \u00c0 travers ces deux cas particuliers, le Coll\u00e8ge constate la volont\u00e9 d'\u00e9diteurs exp\u00e9riment\u00e9s d'int\u00e9grer \u00ab officiellement \u00bb le paysage en r\u00e9gularisant leur situation administrative.\nPlus d'info sur\u00a0<a href=\"http:\/\/www.fedeweb.be\/\" target=\"_blank\"  rel=\"nofollow\" >www.fedeweb.be<\/a>\nBastognetv.be devient Bastogne.tv la migration d'un site \u00e0 l'autre sera effective fin d'ann\u00e9e 2019.\n\n\n\n\n<\/pre>\n\n\n\n<p><\/p>\n\n\n\n<p><\/p>\n\n\n\n<p><\/p>\n<div style='text-align:center' class='yasr-auto-insert-visitor'><!--Yasr Visitor Votes Shortcode--><div id='yasr_visitor_votes_7c1e126d9ecf9' class='yasr-visitor-votes'><div class=\"yasr-custom-text-vv-before yasr-custom-text-vv-before-97\">Click to rate this post!<\/div><div id='yasr-vv-second-row-container-7c1e126d9ecf9'\r\n                                        class='yasr-vv-second-row-container'><div id='yasr-visitor-votes-rater-7c1e126d9ecf9'\r\n                                      class='yasr-rater-stars-vv'\r\n                                      data-rater-postid='97'\r\n                                      data-rating='0'\r\n                                      data-rater-starsize='24'\r\n                                      data-rater-readonly='false'\r\n                                      data-rater-nonce='b9059f9f63'\r\n                                      data-issingular='false'\r\n                                    ><\/div><div class=\"yasr-vv-stats-text-container\" id=\"yasr-vv-stats-text-container-7c1e126d9ecf9\"><svg xmlns=\"https:\/\/www.w3.org\/2000\/svg\" width=\"20\" height=\"20\"\r\n                                   class=\"yasr-dashicons-visitor-stats\"\r\n                                   data-postid=\"97\"\r\n                                   id=\"yasr-stats-dashicon-7c1e126d9ecf9\">\r\n                                   <path d=\"M18 18v-16h-4v16h4zM12 18v-11h-4v11h4zM6 18v-8h-4v8h4z\"><\/path>\r\n                               <\/svg><span id=\"yasr-vv-text-container-7c1e126d9ecf9\" class=\"yasr-vv-text-container\">[Total: <span id=\"yasr-vv-votes-number-container-7c1e126d9ecf9\">0<\/span>  Average: <span id=\"yasr-vv-average-container-7c1e126d9ecf9\">0<\/span>]<\/span><\/div><div id='yasr-vv-loader-7c1e126d9ecf9' class='yasr-vv-container-loader'><\/div><\/div><div id='yasr-vv-bottom-container-7c1e126d9ecf9' class='yasr-vv-bottom-container'><\/div><\/div><!--End Yasr Visitor Votes Shortcode--><\/div>","protected":false},"excerpt":{"rendered":"<p>Bastogne TV est une association internationale de droits belge sans but lucratif. Si\u00e8ge officiel:\u00a0Marvie 158b B 6600 Bastogne Relais \u00e0 Bruxelles: rue du Tr\u00f4ne 226 \/ bte 37 B 1050 Bruxelles. Relais au Luxembourg\u00a0 Doncols, 2 L 9647 Doncols Facebook: Bastogne TV\u00a0 YouTube:\u00a0Bastogne TV et Bastogne TV direct Administrateur g\u00e9n\u00e9ral: Jean-Marie NICOLAS 00 32 475 [&hellip;]<\/p>\n","protected":false},"author":1,"featured_media":0,"parent":0,"menu_order":0,"comment_status":"closed","ping_status":"closed","template":"","meta":{"pmpro_default_level":"","yasr_overall_rating":0,"yasr_post_is_review":"","yasr_auto_insert_disabled":"","yasr_review_type":"","footnotes":""},"class_list":["post-97","page","type-page","status-publish","hentry","pmpro-has-access"],"yoast_head":"<!-- This site is optimized with the Yoast SEO plugin v24.9 - https:\/\/yoast.com\/wordpress\/plugins\/seo\/ -->\n<title>Mentions l\u00e9gales - Bastogne TV<\/title>\n<meta name=\"robots\" content=\"index, follow, max-snippet:-1, max-image-preview:large, max-video-preview:-1\" \/>\n<link rel=\"canonical\" href=\"https:\/\/bastogne.tv\/index.php\/mentions-legales\/\" class=\"yoast-seo-meta-tag\" \/>\n<meta property=\"og:locale\" content=\"en_US\" class=\"yoast-seo-meta-tag\" \/>\n<meta property=\"og:type\" content=\"article\" class=\"yoast-seo-meta-tag\" \/>\n<meta property=\"og:title\" content=\"Mentions l\u00e9gales - Bastogne TV\" class=\"yoast-seo-meta-tag\" \/>\n<meta property=\"og:description\" content=\"Bastogne TV est une association internationale de droits belge sans but lucratif. Si\u00e8ge officiel:\u00a0Marvie 158b B 6600 Bastogne Relais \u00e0 Bruxelles: rue du Tr\u00f4ne 226 \/ bte 37 B 1050 Bruxelles. Relais au Luxembourg\u00a0 Doncols, 2 L 9647 Doncols Facebook: Bastogne TV\u00a0 YouTube:\u00a0Bastogne TV et Bastogne TV direct Administrateur g\u00e9n\u00e9ral: Jean-Marie NICOLAS 00 32 475 [&hellip;]\" class=\"yoast-seo-meta-tag\" \/>\n<meta property=\"og:url\" content=\"https:\/\/bastogne.tv\/index.php\/mentions-legales\/\" class=\"yoast-seo-meta-tag\" \/>\n<meta property=\"og:site_name\" content=\"Bastogne TV\" class=\"yoast-seo-meta-tag\" \/>\n<meta property=\"article:modified_time\" content=\"2021-03-14T23:09:11+00:00\" class=\"yoast-seo-meta-tag\" \/>\n<meta name=\"twitter:card\" content=\"summary_large_image\" class=\"yoast-seo-meta-tag\" \/>\n<meta name=\"twitter:label1\" content=\"Est. reading time\" class=\"yoast-seo-meta-tag\" \/>\n\t<meta name=\"twitter:data1\" content=\"1 minute\" class=\"yoast-seo-meta-tag\" \/>\n<script type=\"application\/ld+json\" class=\"yoast-schema-graph\">{\"@context\":\"https:\/\/schema.org\",\"@graph\":[{\"@type\":\"WebPage\",\"@id\":\"https:\/\/bastogne.tv\/index.php\/mentions-legales\/\",\"url\":\"https:\/\/bastogne.tv\/index.php\/mentions-legales\/\",\"name\":\"Mentions l\u00e9gales - Bastogne TV\",\"isPartOf\":{\"@id\":\"https:\/\/bastogne.tv\/#website\"},\"datePublished\":\"2019-04-08T16:54:53+00:00\",\"dateModified\":\"2021-03-14T23:09:11+00:00\",\"breadcrumb\":{\"@id\":\"https:\/\/bastogne.tv\/index.php\/mentions-legales\/#breadcrumb\"},\"inLanguage\":\"en-US\",\"potentialAction\":[{\"@type\":\"ReadAction\",\"target\":[\"https:\/\/bastogne.tv\/index.php\/mentions-legales\/\"]}]},{\"@type\":\"BreadcrumbList\",\"@id\":\"https:\/\/bastogne.tv\/index.php\/mentions-legales\/#breadcrumb\",\"itemListElement\":[{\"@type\":\"ListItem\",\"position\":1,\"name\":\"Accueil\",\"item\":\"https:\/\/bastogne.tv\/\"},{\"@type\":\"ListItem\",\"position\":2,\"name\":\"Mentions l\u00e9gales\"}]},{\"@type\":\"WebSite\",\"@id\":\"https:\/\/bastogne.tv\/#website\",\"url\":\"https:\/\/bastogne.tv\/\",\"name\":\"Bastogne TV\",\"description\":\"www.Bastogne.tv sera le miroir intemporel de personnes, d&#039;activit\u00e9s, qui font que notre ville est profond\u00e9ment orient\u00e9e vers le futur.\",\"potentialAction\":[{\"@type\":\"SearchAction\",\"target\":{\"@type\":\"EntryPoint\",\"urlTemplate\":\"https:\/\/bastogne.tv\/?s={search_term_string}\"},\"query-input\":{\"@type\":\"PropertyValueSpecification\",\"valueRequired\":true,\"valueName\":\"search_term_string\"}}],\"inLanguage\":\"en-US\"},false]}<\/script>\n<!-- \/ Yoast SEO plugin. -->","yoast_head_json":{"title":"Mentions l\u00e9gales - Bastogne TV","robots":{"index":"index","follow":"follow","max-snippet":"max-snippet:-1","max-image-preview":"max-image-preview:large","max-video-preview":"max-video-preview:-1"},"canonical":"https:\/\/bastogne.tv\/index.php\/mentions-legales\/","og_locale":"en_US","og_type":"article","og_title":"Mentions l\u00e9gales - Bastogne TV","og_description":"Bastogne TV est une association internationale de droits belge sans but lucratif. Si\u00e8ge officiel:\u00a0Marvie 158b B 6600 Bastogne Relais \u00e0 Bruxelles: rue du Tr\u00f4ne 226 \/ bte 37 B 1050 Bruxelles. Relais au Luxembourg\u00a0 Doncols, 2 L 9647 Doncols Facebook: Bastogne TV\u00a0 YouTube:\u00a0Bastogne TV et Bastogne TV direct Administrateur g\u00e9n\u00e9ral: Jean-Marie NICOLAS 00 32 475 [&hellip;]","og_url":"https:\/\/bastogne.tv\/index.php\/mentions-legales\/","og_site_name":"Bastogne TV","article_modified_time":"2021-03-14T23:09:11+00:00","twitter_card":"summary_large_image","twitter_misc":{"Est. reading time":"1 minute"},"schema":{"@context":"https:\/\/schema.org","@graph":[{"@type":"WebPage","@id":"https:\/\/bastogne.tv\/index.php\/mentions-legales\/","url":"https:\/\/bastogne.tv\/index.php\/mentions-legales\/","name":"Mentions l\u00e9gales - Bastogne TV","isPartOf":{"@id":"https:\/\/bastogne.tv\/#website"},"datePublished":"2019-04-08T16:54:53+00:00","dateModified":"2021-03-14T23:09:11+00:00","breadcrumb":{"@id":"https:\/\/bastogne.tv\/index.php\/mentions-legales\/#breadcrumb"},"inLanguage":"en-US","potentialAction":[{"@type":"ReadAction","target":["https:\/\/bastogne.tv\/index.php\/mentions-legales\/"]}]},{"@type":"BreadcrumbList","@id":"https:\/\/bastogne.tv\/index.php\/mentions-legales\/#breadcrumb","itemListElement":[{"@type":"ListItem","position":1,"name":"Accueil","item":"https:\/\/bastogne.tv\/"},{"@type":"ListItem","position":2,"name":"Mentions l\u00e9gales"}]},{"@type":"WebSite","@id":"https:\/\/bastogne.tv\/#website","url":"https:\/\/bastogne.tv\/","name":"Bastogne TV","description":"www.Bastogne.tv sera le miroir intemporel de personnes, d&#039;activit\u00e9s, qui font que notre ville est profond\u00e9ment orient\u00e9e vers le futur.","potentialAction":[{"@type":"SearchAction","target":{"@type":"EntryPoint","urlTemplate":"https:\/\/bastogne.tv\/?s={search_term_string}"},"query-input":{"@type":"PropertyValueSpecification","valueRequired":true,"valueName":"search_term_string"}}],"inLanguage":"en-US"},false]}},"yasr_visitor_votes":{"stars_attributes":{"read_only":false,"span_bottom":false},"number_of_votes":0,"sum_votes":0},"cmb2":{"page_slider_settings":{"display_slider_group":"no","page_slider_group":[{"layout":"slider-1","post_type":"post","order_by":"date","order":"DESC","display_categories":"yes","display_author":"yes","display_date":"yes","display_comment_count":"yes","display_view_count":"yes","display_like_count":"yes","display_dislike_count":"yes","fade":"no"}]},"blog_page_settings":{"blog_page_title":"","blog_page_heading":"off","blog_page_advance_search":"off","blog_page_ic":"","blog_page_it":"","blog_page_ec":"","blog_page_ip":"","blog_page_advance_search_id":"","archive_loop_style":"list-blog","blog_image_ratio":"","blog_show_categories":"on","blog_show_excerpt":"on","blog_show_author":"on","blog_show_date":"on","blog_show_comment_count":"on","blog_show_view_count":"on","blog_show_like_count":"on","blog_show_dislike_count":"on","blog_items_per_page":"10","blog_pag_type":"wp-default"},"page_options":{"get_page_template":"","color_mode":"","main_layout":"","main_layout_full_with":"","main_logo":"","main_logo_id":"","main_logo_retina":"","main_logo_retina_id":"","main_logo_mobile":"","main_logo_mobile_id":"","main_logo_mobile_retina":"","main_logo_mobile_retina_id":"","sticky_logo":"","sticky_logo_id":"","sticky_logo_retina":"","sticky_logo_retina_id":"","main_nav_layout":"","ajax_search":"","header_background":"","theme_sidebar":"","instagram_feed":"","instagram_feed_position":"","popular_videos":"","popular_videos_title_1":"","popular_videos_title_2":"","popular_videos_ic":"","popular_videos_it":"","theme_background":"","page_custom_css":""}},"_links":{"self":[{"href":"https:\/\/bastogne.tv\/index.php\/wp-json\/wp\/v2\/pages\/97","targetHints":{"allow":["GET"]}}],"collection":[{"href":"https:\/\/bastogne.tv\/index.php\/wp-json\/wp\/v2\/pages"}],"about":[{"href":"https:\/\/bastogne.tv\/index.php\/wp-json\/wp\/v2\/types\/page"}],"author":[{"embeddable":true,"href":"https:\/\/bastogne.tv\/index.php\/wp-json\/wp\/v2\/users\/1"}],"replies":[{"embeddable":true,"href":"https:\/\/bastogne.tv\/index.php\/wp-json\/wp\/v2\/comments?post=97"}],"version-history":[{"count":2,"href":"https:\/\/bastogne.tv\/index.php\/wp-json\/wp\/v2\/pages\/97\/revisions"}],"predecessor-version":[{"id":1314,"href":"https:\/\/bastogne.tv\/index.php\/wp-json\/wp\/v2\/pages\/97\/revisions\/1314"}],"wp:attachment":[{"href":"https:\/\/bastogne.tv\/index.php\/wp-json\/wp\/v2\/media?parent=97"}],"curies":[{"name":"wp","href":"https:\/\/api.w.org\/{rel}","templated":true}]}}